{"id":9831,"date":"2024-06-18T15:22:31","date_gmt":"2024-06-18T13:22:31","guid":{"rendered":"https:\/\/bauen-digital.ch\/themen\/"},"modified":"2025-09-23T11:11:14","modified_gmt":"2025-09-23T09:11:14","slug":"themen","status":"publish","type":"page","link":"https:\/\/bauen-digital.ch\/fr\/themen\/","title":{"rendered":"Themen"},"content":{"rendered":"<style>.ewd-ufaq-faq-post p {margin-bottom:10px;}\r\n\r\n.glossary-card__attributes, .project-card__attributes {\r\n  line-height: 1.2;\r\n  margin: 30px 0 0 0;\r\n  padding: 0;\r\n  display: -ms-grid;\r\n  display: grid;\r\n  -ms-grid-columns: max-content auto;\r\n  grid-template-columns: max-content auto;\r\n  gap: .2em .6em;\r\n}\r\n\r\n.ewd-ufaq-faq-title .ewd-ufaq-post-margin-symbol span {\r\nfont-size: 20px!important;\r\ncolor: #0D99B0;\r\n}\r\n.ewd-ufaq-faq-title-text h4 {\r\nfont-weight:600;\r\n}\r\n\r\n.ewd-ufaq-faq-title {\r\nborder-bottom: 1px solid #042F3E;\r\n}\r\n\r\ndiv.ewd-ufaq-faq-title div.ewd-ufaq-post-margin-symbol {\r\npadding: 4px 0px 0px 2px!important;\r\nline-height: 1.5!important;\r\n}<\/style><div  class=\"ewd-ufaq-faq-list ewd-ufaq-page-type-distinct ewd-ufaq-category-tabs-\" id='ewd-ufaq-faq-list'>\n\n\t<input type='hidden' name='show_on_load' value='' id='ewd-ufaq-show-on-load' \/>\n<input type='hidden' name='include_category' value='' id='ewd-ufaq-include-category' \/>\n<input type='hidden' name='exclude_category' value='' id='ewd-ufaq-exclude-category' \/>\n<input type='hidden' name='orderby' value='title' id='ewd-ufaq-orderby' \/>\n<input type='hidden' name='order' value='asc' id='ewd-ufaq-order' \/>\n<input type='hidden' name='post_count' value='-1' id='ewd-ufaq-post-count' \/>\n<input type='hidden' name='current_url' value='\/fr\/wp-json\/wp\/v2\/pages\/9831' id='ewd-ufaq-current-url' \/>\n\t\n\t\n\t<div class='ewd-ufaq-faqs'>\n\n\t\t<div  class=\"ewd-ufaq-faq-div ewd-ufaq-faq-column-count-one ewd-ufaq-faq-responsive-columns- ewd-ufaq-faq-display-style-default ewd-ufaq-can-be-toggled\" id='ewd-ufaq-post-6467-y3ocljerue' data-post_id='6467'>\n\n\t\t\n\t<div class='ewd-ufaq-faq-title ewd-ufaq-faq-toggle'>\n\t\n\t<a class='ewd-ufaq-post-margin'  href='#' role=\"button\">\n\n\t\t<div class='ewd-ufaq-post-margin-symbol ewd-ufaq-'>\n\t\t\t<span >A<\/span>\n\t\t<\/div>\n\n\t\t<div class='ewd-ufaq-faq-title-text'>\n\n\t\t\t<h4>\n\t\t\t\tBIMCert Handbuch\t\t\t<\/h4>\n\n\t\t<\/div>\n\n\t\t<div class='ewd-ufaq-clear'><\/div>\n\n\t<\/a>\n\t\n<\/div>\n\t\n\t<div class='ewd-ufaq-faq-body' >\n\n\t\t\n\t\t\t\n\t\t\n\t\t\t<div class='ewd-ufaq-post-margin ewd-ufaq-faq-post'>\n\t<div class=\"post_text_main\">\n<p>Mit dem \u00abBIMcert Handbuch\u00bb hat buildingSMART Austria 2021 in Zusammenarbeit mit verschiedenen Hochschulen, vielen openBIM Praktiker:innen sowie Expert:innen von buildingSMART International ein wichtiges Lehrbuch und Nachschlagewerk f\u00fcr eine standardisierte Qualifizierungs- und Zertifizierung f\u00fcr BIM publiziert. 2023 erschien die aktualisierte und erweiterte Ausgabe. Das \u00abBIMcert Handbuch\u00bb hat sich als Standardwerk der openBIM-Ausbildung etabliert. Im Rahmen einer vertieften Zusammenarbeit der buildingSMART Chapter Austria, Germany und Switzerland erschien 2024 eine harmonisierte Ausgabe, die f\u00fcr die DACH-Region g\u00fcltig ist. Darin wird eine internationale Schreibweise (z.B. gem\u00e4ss ISO 19650) etabliert und \u2013 wo notwendig \u2013, auf nationale Abweichungen hingewiesen. Das \u00abBIMcert Handbuch DACH\u00bb f\u00f6rdert ein gemeinsames Verst\u00e4ndnis in der Anwendung der BIM Methode, vereinfacht die internationale Zusammenarbeit und die openBIM-Ausbildung.<\/p>\n<p>Link zum BIMcert Handbuch 2024: <a href=\"https:\/\/repositum.tuwien.at\/bitstream\/20.500.12708\/192612\/3\/Eichler-2024-BIMcert%20Handbuch%20Grundlagenwissen%20openBIM-vor.pdf\">https:\/\/www.buildingsmart.co.at\/bimcert-handbuch-2024\/<\/a><\/p>\n<p>Das BIMcert Handbuch wird ins Franz\u00f6sische \u00fcbersetzt. Die Publikation wird im Q4\/2025 sein.<\/p>\n<\/div>\n<\/div>\n\t\t\n\t\t\t\n\t\t\n\t\t\t\n\t\t\n\t\t\t\n\t\t\n\t\t\t\n\t\t\n\t\t\t\n\t\t\n\t\t\t\n\t\t\n\t\t\t\n\t\t\n\t\t\t<div class='ewd-ufaq-back-to-top'>\n\t\n\t<a class='ewd-ufaq-back-to-top-link'>\n\t\tBack to Top\t<\/a>\n\n<\/div>\n\t\t\n\t<\/div>\n\n<\/div>\n\t<\/div>\n\n\t\n<\/div>","protected":false},"excerpt":{"rendered":"<p>A BIMCert Handbuch Mit dem \u00abBIMcert Handbuch\u00bb hat buildingSMART Austria 2021 in Zusammenarbeit mit verschiedenen Hochschulen, vielen openBIM Praktiker:innen sowie Expert:innen von buildingSMART International ein wichtiges Lehrbuch und Nachschlagewerk f\u00fcr eine standardisierte Qualifizierungs- und Zertifizierung f\u00fcr BIM publiziert. 2023 erschien die aktualisierte und erweiterte Ausgabe. Das \u00abBIMcert Handbuch\u00bb hat sich&#8230;<\/p>\n","protected":false},"author":1,"featured_media":1857,"parent":0,"menu_order":0,"comment_status":"closed","ping_status":"closed","template":"","meta":{"footnotes":"","_links_to":"","_links_to_target":""},"class_list":["post-9831","page","type-page","status-publish","has-post-thumbnail","hentry"],"yoast_head":"<!-- This site is optimized with the Yoast SEO plugin v27.4 - https:\/\/yoast.com\/product\/yoast-seo-wordpress\/ -->\n<title>Themen - B\u00e2tir digital Suisse \/ buildingSMART Switzerland<\/title>\n<meta name=\"robots\" content=\"noindex, follow\" \/>\n<meta property=\"og:locale\" content=\"fr_FR\" \/>\n<meta property=\"og:type\" content=\"article\" \/>\n<meta property=\"og:title\" content=\"Themen - B\u00e2tir digital Suisse \/ buildingSMART Switzerland\" \/>\n<meta property=\"og:description\" content=\"A BIMCert Handbuch Mit dem \u00abBIMcert Handbuch\u00bb hat buildingSMART Austria 2021 in Zusammenarbeit mit verschiedenen Hochschulen, vielen openBIM Praktiker:innen sowie Expert:innen von buildingSMART International ein wichtiges Lehrbuch und Nachschlagewerk f\u00fcr eine standardisierte Qualifizierungs- und Zertifizierung f\u00fcr BIM publiziert. 2023 erschien die aktualisierte und erweiterte Ausgabe. Das \u00abBIMcert Handbuch\u00bb hat sich...\" \/>\n<meta property=\"og:url\" content=\"https:\/\/bauen-digital.ch\/fr\/themen\/\" \/>\n<meta property=\"og:site_name\" content=\"B\u00e2tir digital Suisse \/ buildingSMART Switzerland\" \/>\n<meta property=\"article:modified_time\" content=\"2025-09-23T09:11:14+00:00\" \/>\n<meta property=\"og:image\" content=\"https:\/\/bauen-digital.ch\/wp\/wp-content\/uploads\/B2_startseite_kachel_violet.jpg\" \/>\n\t<meta property=\"og:image:width\" content=\"800\" \/>\n\t<meta property=\"og:image:height\" content=\"800\" \/>\n\t<meta property=\"og:image:type\" content=\"image\/jpeg\" \/>\n<meta name=\"twitter:card\" content=\"summary_large_image\" \/>\n<meta name=\"twitter:label1\" content=\"Dur\u00e9e de lecture estim\u00e9e\" \/>\n\t<meta name=\"twitter:data1\" content=\"6 minutes\" \/>\n<script type=\"application\/ld+json\" class=\"yoast-schema-graph\">{\"@context\":\"https:\\\/\\\/schema.org\",\"@graph\":[{\"@type\":\"WebPage\",\"@id\":\"https:\\\/\\\/bauen-digital.ch\\\/fr\\\/themen\\\/\",\"url\":\"https:\\\/\\\/bauen-digital.ch\\\/fr\\\/themen\\\/\",\"name\":\"Themen - B\u00e2tir digital Suisse \\\/ buildingSMART Switzerland\",\"isPartOf\":{\"@id\":\"https:\\\/\\\/bauen-digital.ch\\\/fr\\\/#website\"},\"primaryImageOfPage\":{\"@id\":\"https:\\\/\\\/bauen-digital.ch\\\/fr\\\/themen\\\/#primaryimage\"},\"image\":{\"@id\":\"https:\\\/\\\/bauen-digital.ch\\\/fr\\\/themen\\\/#primaryimage\"},\"thumbnailUrl\":\"https:\\\/\\\/bauen-digital.ch\\\/wp\\\/wp-content\\\/uploads\\\/B2_startseite_kachel_violet.jpg\",\"datePublished\":\"2024-06-18T13:22:31+00:00\",\"dateModified\":\"2025-09-23T09:11:14+00:00\",\"breadcrumb\":{\"@id\":\"https:\\\/\\\/bauen-digital.ch\\\/fr\\\/themen\\\/#breadcrumb\"},\"inLanguage\":\"fr-FR\",\"potentialAction\":[{\"@type\":\"ReadAction\",\"target\":[\"https:\\\/\\\/bauen-digital.ch\\\/fr\\\/themen\\\/\"]}]},{\"@type\":\"ImageObject\",\"inLanguage\":\"fr-FR\",\"@id\":\"https:\\\/\\\/bauen-digital.ch\\\/fr\\\/themen\\\/#primaryimage\",\"url\":\"https:\\\/\\\/bauen-digital.ch\\\/wp\\\/wp-content\\\/uploads\\\/B2_startseite_kachel_violet.jpg\",\"contentUrl\":\"https:\\\/\\\/bauen-digital.ch\\\/wp\\\/wp-content\\\/uploads\\\/B2_startseite_kachel_violet.jpg\",\"width\":800,\"height\":800},{\"@type\":\"BreadcrumbList\",\"@id\":\"https:\\\/\\\/bauen-digital.ch\\\/fr\\\/themen\\\/#breadcrumb\",\"itemListElement\":[{\"@type\":\"ListItem\",\"position\":1,\"name\":\"Startseite\",\"item\":\"https:\\\/\\\/bauen-digital.ch\\\/fr\\\/\"},{\"@type\":\"ListItem\",\"position\":2,\"name\":\"Themen\"}]},{\"@type\":\"WebSite\",\"@id\":\"https:\\\/\\\/bauen-digital.ch\\\/fr\\\/#website\",\"url\":\"https:\\\/\\\/bauen-digital.ch\\\/fr\\\/\",\"name\":\"Bauen digital Schweiz \\\/ buildingSMART Switzerland\",\"description\":\"\",\"publisher\":{\"@id\":\"https:\\\/\\\/bauen-digital.ch\\\/fr\\\/#organization\"},\"potentialAction\":[{\"@type\":\"SearchAction\",\"target\":{\"@type\":\"EntryPoint\",\"urlTemplate\":\"https:\\\/\\\/bauen-digital.ch\\\/fr\\\/?s={search_term_string}\"},\"query-input\":{\"@type\":\"PropertyValueSpecification\",\"valueRequired\":true,\"valueName\":\"search_term_string\"}}],\"inLanguage\":\"fr-FR\"},{\"@type\":\"Organization\",\"@id\":\"https:\\\/\\\/bauen-digital.ch\\\/fr\\\/#organization\",\"name\":\"Bauen digital Schweiz \\\/ buildingSMART Switzerland\",\"url\":\"https:\\\/\\\/bauen-digital.ch\\\/fr\\\/\",\"logo\":{\"@type\":\"ImageObject\",\"inLanguage\":\"fr-FR\",\"@id\":\"https:\\\/\\\/bauen-digital.ch\\\/fr\\\/#\\\/schema\\\/logo\\\/image\\\/\",\"url\":\"https:\\\/\\\/bauen-digital.ch\\\/wp\\\/wp-content\\\/uploads\\\/Kombi_Logo_BdS_bSMART_jpg.jpg\",\"contentUrl\":\"https:\\\/\\\/bauen-digital.ch\\\/wp\\\/wp-content\\\/uploads\\\/Kombi_Logo_BdS_bSMART_jpg.jpg\",\"width\":3882,\"height\":778,\"caption\":\"Bauen digital Schweiz \\\/ buildingSMART Switzerland\"},\"image\":{\"@id\":\"https:\\\/\\\/bauen-digital.ch\\\/fr\\\/#\\\/schema\\\/logo\\\/image\\\/\"},\"sameAs\":[\"https:\\\/\\\/www.linkedin.com\\\/company\\\/18609279\\\/admin\\\/dashboard\\\/\"]}]}<\/script>\n<!-- \/ Yoast SEO plugin. -->","yoast_head_json":{"title":"Themen - B\u00e2tir digital Suisse \/ buildingSMART Switzerland","robots":{"index":"noindex","follow":"follow"},"og_locale":"fr_FR","og_type":"article","og_title":"Themen - B\u00e2tir digital Suisse \/ buildingSMART Switzerland","og_description":"A BIMCert Handbuch Mit dem \u00abBIMcert Handbuch\u00bb hat buildingSMART Austria 2021 in Zusammenarbeit mit verschiedenen Hochschulen, vielen openBIM Praktiker:innen sowie Expert:innen von buildingSMART International ein wichtiges Lehrbuch und Nachschlagewerk f\u00fcr eine standardisierte Qualifizierungs- und Zertifizierung f\u00fcr BIM publiziert. 2023 erschien die aktualisierte und erweiterte Ausgabe. Das \u00abBIMcert Handbuch\u00bb hat sich...","og_url":"https:\/\/bauen-digital.ch\/fr\/themen\/","og_site_name":"B\u00e2tir digital Suisse \/ buildingSMART Switzerland","article_modified_time":"2025-09-23T09:11:14+00:00","og_image":[{"width":800,"height":800,"url":"https:\/\/bauen-digital.ch\/wp\/wp-content\/uploads\/B2_startseite_kachel_violet.jpg","type":"image\/jpeg"}],"twitter_card":"summary_large_image","twitter_misc":{"Dur\u00e9e de lecture estim\u00e9e":"6 minutes"},"schema":{"@context":"https:\/\/schema.org","@graph":[{"@type":"WebPage","@id":"https:\/\/bauen-digital.ch\/fr\/themen\/","url":"https:\/\/bauen-digital.ch\/fr\/themen\/","name":"Themen - B\u00e2tir digital Suisse \/ buildingSMART Switzerland","isPartOf":{"@id":"https:\/\/bauen-digital.ch\/fr\/#website"},"primaryImageOfPage":{"@id":"https:\/\/bauen-digital.ch\/fr\/themen\/#primaryimage"},"image":{"@id":"https:\/\/bauen-digital.ch\/fr\/themen\/#primaryimage"},"thumbnailUrl":"https:\/\/bauen-digital.ch\/wp\/wp-content\/uploads\/B2_startseite_kachel_violet.jpg","datePublished":"2024-06-18T13:22:31+00:00","dateModified":"2025-09-23T09:11:14+00:00","breadcrumb":{"@id":"https:\/\/bauen-digital.ch\/fr\/themen\/#breadcrumb"},"inLanguage":"fr-FR","potentialAction":[{"@type":"ReadAction","target":["https:\/\/bauen-digital.ch\/fr\/themen\/"]}]},{"@type":"ImageObject","inLanguage":"fr-FR","@id":"https:\/\/bauen-digital.ch\/fr\/themen\/#primaryimage","url":"https:\/\/bauen-digital.ch\/wp\/wp-content\/uploads\/B2_startseite_kachel_violet.jpg","contentUrl":"https:\/\/bauen-digital.ch\/wp\/wp-content\/uploads\/B2_startseite_kachel_violet.jpg","width":800,"height":800},{"@type":"BreadcrumbList","@id":"https:\/\/bauen-digital.ch\/fr\/themen\/#breadcrumb","itemListElement":[{"@type":"ListItem","position":1,"name":"Startseite","item":"https:\/\/bauen-digital.ch\/fr\/"},{"@type":"ListItem","position":2,"name":"Themen"}]},{"@type":"WebSite","@id":"https:\/\/bauen-digital.ch\/fr\/#website","url":"https:\/\/bauen-digital.ch\/fr\/","name":"Bauen digital Schweiz \/ buildingSMART Switzerland","description":"","publisher":{"@id":"https:\/\/bauen-digital.ch\/fr\/#organization"},"potentialAction":[{"@type":"SearchAction","target":{"@type":"EntryPoint","urlTemplate":"https:\/\/bauen-digital.ch\/fr\/?s={search_term_string}"},"query-input":{"@type":"PropertyValueSpecification","valueRequired":true,"valueName":"search_term_string"}}],"inLanguage":"fr-FR"},{"@type":"Organization","@id":"https:\/\/bauen-digital.ch\/fr\/#organization","name":"Bauen digital Schweiz \/ buildingSMART Switzerland","url":"https:\/\/bauen-digital.ch\/fr\/","logo":{"@type":"ImageObject","inLanguage":"fr-FR","@id":"https:\/\/bauen-digital.ch\/fr\/#\/schema\/logo\/image\/","url":"https:\/\/bauen-digital.ch\/wp\/wp-content\/uploads\/Kombi_Logo_BdS_bSMART_jpg.jpg","contentUrl":"https:\/\/bauen-digital.ch\/wp\/wp-content\/uploads\/Kombi_Logo_BdS_bSMART_jpg.jpg","width":3882,"height":778,"caption":"Bauen digital Schweiz \/ buildingSMART Switzerland"},"image":{"@id":"https:\/\/bauen-digital.ch\/fr\/#\/schema\/logo\/image\/"},"sameAs":["https:\/\/www.linkedin.com\/company\/18609279\/admin\/dashboard\/"]}]}},"_links":{"self":[{"href":"https:\/\/bauen-digital.ch\/fr\/wp-json\/wp\/v2\/pages\/9831","targetHints":{"allow":["GET"]}}],"collection":[{"href":"https:\/\/bauen-digital.ch\/fr\/wp-json\/wp\/v2\/pages"}],"about":[{"href":"https:\/\/bauen-digital.ch\/fr\/wp-json\/wp\/v2\/types\/page"}],"author":[{"embeddable":true,"href":"https:\/\/bauen-digital.ch\/fr\/wp-json\/wp\/v2\/users\/1"}],"replies":[{"embeddable":true,"href":"https:\/\/bauen-digital.ch\/fr\/wp-json\/wp\/v2\/comments?post=9831"}],"version-history":[{"count":7,"href":"https:\/\/bauen-digital.ch\/fr\/wp-json\/wp\/v2\/pages\/9831\/revisions"}],"predecessor-version":[{"id":14548,"href":"https:\/\/bauen-digital.ch\/fr\/wp-json\/wp\/v2\/pages\/9831\/revisions\/14548"}],"wp:featuredmedia":[{"embeddable":true,"href":"https:\/\/bauen-digital.ch\/fr\/wp-json\/wp\/v2\/media\/1857"}],"wp:attachment":[{"href":"https:\/\/bauen-digital.ch\/fr\/wp-json\/wp\/v2\/media?parent=9831"}],"curies":[{"name":"wp","href":"https:\/\/api.w.org\/{rel}","templated":true}]}}