{"id":6000,"date":"2023-09-04T08:38:46","date_gmt":"2023-09-04T06:38:46","guid":{"rendered":"https:\/\/bauen-digital.ch\/wp\/newsletter\/"},"modified":"2025-06-16T08:54:25","modified_gmt":"2025-06-16T06:54:25","slug":"newsletter","status":"publish","type":"page","link":"https:\/\/bauen-digital.ch\/fr\/newsletter\/","title":{"rendered":"Lettre d&#8217;information"},"content":{"rendered":"\t\t<div data-elementor-type=\"wp-page\" data-elementor-id=\"6000\" class=\"elementor elementor-6000 elementor-2775\">\n\t\t\t\t\t\t<section class=\"elementor-section elementor-top-section elementor-element elementor-element-d831699 elementor-section-boxed elementor-section-height-default elementor-section-height-default parallax_section_no qode_elementor_container_no\" data-id=\"d831699\" data-element_type=\"section\" data-e-type=\"section\">\n\t\t\t\t\t\t<div class=\"elementor-container elementor-column-gap-default\">\n\t\t\t\t\t<div class=\"elementor-column elementor-col-66 elementor-top-column elementor-element elementor-element-c356e74\" data-id=\"c356e74\" data-element_type=\"column\" data-e-type=\"column\">\n\t\t\t<div class=\"elementor-widget-wrap elementor-element-populated\">\n\t\t\t\t\t\t<div class=\"elementor-element elementor-element-a64c2e5 elementor-widget elementor-widget-heading\" data-id=\"a64c2e5\" data-element_type=\"widget\" data-e-type=\"widget\" data-widget_type=\"heading.default\">\n\t\t\t\t<div class=\"elementor-widget-container\">\n\t\t\t\t\t<h2 class=\"elementor-heading-title elementor-size-default\">Abonnement \u00e0 la lettre d'information <\/h2>\t\t\t\t<\/div>\n\t\t\t\t<\/div>\n\t\t\t\t<div class=\"elementor-element elementor-element-25c7506 elementor-widget elementor-widget-text-editor\" data-id=\"25c7506\" data-element_type=\"widget\" data-e-type=\"widget\" data-widget_type=\"text-editor.default\">\n\t\t\t\t<div class=\"elementor-widget-container\">\n\t\t\t\t\t\t\t\t\t<p>Veuillez vous inscrire ici pour recevoir la lettre d&#8217;information B\u00e2tir digital Suisse \/ buildingSMART Switzerland. Vous pourrez \u00e0 tout moment d\u00e9commander ou modifier vos donn\u00e9es. Les donn\u00e9es relatives aux personnes et \u00e0 l&#8217;entreprise seront trait\u00e9es de fa\u00e7on confidentielle et utilis\u00e9es exclusivement pour les besoins de l&#8217;association.<\/p>\t\t\t\t\t\t\t\t<\/div>\n\t\t\t\t<\/div>\n\t\t\t\t<div class=\"elementor-element elementor-element-eae8d9b elementor-widget elementor-widget-html\" data-id=\"eae8d9b\" data-element_type=\"widget\" data-e-type=\"widget\" data-widget_type=\"html.default\">\n\t\t\t\t<div class=\"elementor-widget-container\">\n\t\t\t\t\t<div id=\"mc_embed_shell\">\n      <link href=\"\/\/cdn-images.mailchimp.com\/embedcode\/classic-061523.css\" rel=\"stylesheet\" type=\"text\/css\">\n  <style type=\"text\/css\">\n        #mc_embed_signup{background:transparent; false;clear:left; font:14px Raleway,Helvetica,Arial,sans-serif; width: 100%;}\n        #mc_embed_signup form {\nmargin: 20px 0;\n}\n<\/style>\n<div id=\"mc_embed_signup\">\n     <form action=https:\/\/bauen-digital.us11.list-manage.com\/subscribe\/post?u=bebf8f413cb64b239c8b16c08&amp;id=c6232e81a4&amp;f_id=007edee3f0 method=\"post\" id=\"mc-embedded-subscribe-form\" name=\"mc-embedded-subscribe-form\" class=\"validate\" target=\"_blank\">\n        <div id=\"mc_embed_signup_scroll\">\n            <div class=\"indicates-required\"><span class=\"asterisk\">*<\/span> Champs obligatoires <\/div>\n            <div class=\"mc-field-group\"><label for=\"mce-EMAIL\">E-mail <span class=\"asterisk\">*<\/span><\/label><input type=\"email\" name=\"EMAIL\" class=\"required email\" id=\"mce-EMAIL\" required=\"\" value=\"\"><\/div><div class=\"mc-field-group\"><label for=\"mce-FNAME\">Pr\u00e9nom <\/label><input type=\"text\" name=\"FNAME\" class=\" text\" id=\"mce-FNAME\" value=\"\"><\/div><div class=\"mc-field-group\"><label for=\"mce-LNAME\">Nom <\/label><input type=\"text\" name=\"LNAME\" class=\" text\" id=\"mce-LNAME\" value=\"\"><\/div>\n        <div id=\"mce-responses\" class=\"clear\">\n            <div class=\"response\" id=\"mce-error-response\" style=\"display: none;\"><\/div>\n            <div class=\"response\" id=\"mce-success-response\" style=\"display: none;\"><\/div>\n        <\/div><div aria-hidden=\"true\" style=\"position: absolute; left: -5000px;\"><input type=\"text\" name=\"b_bebf8f413cb64b239c8b16c08_c6232e81a4\" tabindex=\"-1\" value=\"\"><\/div><div class=\"clear\"><input type=\"submit\" name=\"subscribe\" id=\"mc-embedded-subscribe\" class=\"button\" value=\"S\u2019abonner\"><\/div>\n    <\/div>\n<\/form>\n<\/div>\n<script type=\"text\/javascript\" src=\"\/\/s3.amazonaws.com\/downloads.mailchimp.com\/js\/mc-validate.js\"><\/script><script type=\"text\/javascript\">(function($) {window.fnames = new Array(); window.ftypes = new Array();fnames[0]='EMAIL';ftypes[0]='email';fnames[6]='MMERGE6';ftypes[6]='radio';fnames[1]='FNAME';ftypes[1]='text';fnames[2]='LNAME';ftypes[2]='text';fnames[5]='MMERGE5';ftypes[5]='text';fnames[3]='ADDRESS';ftypes[3]='address';fnames[4]='PHONE';ftypes[4]='phone';\/*\n* Translated default messages for the $ validation plugin.\n* Locale: FR\n*\/\n$.extend($.validator.messages, {\n        required: \"Ce champ est requis.\",\n        remote: \"Veuillez remplir ce champ pour continuer.\",\n        email: \"Veuillez entrer une adresse email valide.\",\n        url: \"Veuillez entrer une URL valide.\",\n        date: \"Veuillez entrer une date valide.\",\n        dateISO: \"Veuillez entrer une date valide (ISO).\",\n        number: \"Veuillez entrer un nombre valide.\",\n        digits: \"Veuillez entrer (seulement) une valeur num\u00e9rique.\",\n        creditcard: \"Veuillez entrer un num\u00e9ro de carte de cr\u00e9dit valide.\",\n        equalTo: \"Veuillez entrer une nouvelle fois la m\u00eame valeur.\",\n        accept: \"Veuillez entrer une valeur avec une extension valide.\",\n        maxlength: $.validator.format(\"Veuillez ne pas entrer plus de {0} caract\u00e8res.\"),\n        minlength: $.validator.format(\"Veuillez entrer au moins {0} caract\u00e8res.\"),\n        rangelength: $.validator.format(\"Veuillez entrer entre {0} et {1} caract\u00e8res.\"),\n        range: $.validator.format(\"Veuillez entrer une valeur entre {0} et {1}.\"),\n        max: $.validator.format(\"Veuillez entrer une valeur inf\u00e9rieure ou \u00e9gale \u00e0 {0}.\"),\n        min: $.validator.format(\"Veuillez entrer une valeur sup\u00e9rieure ou \u00e9gale \u00e0 {0}.\")\n});}(jQuery));var $mcj = jQuery.noConflict(true);<\/script><\/div>\t\t\t\t<\/div>\n\t\t\t\t<\/div>\n\t\t\t\t\t<\/div>\n\t\t<\/div>\n\t\t\t\t<div class=\"elementor-column elementor-col-33 elementor-top-column elementor-element elementor-element-0193e29\" data-id=\"0193e29\" data-element_type=\"column\" data-e-type=\"column\">\n\t\t\t<div class=\"elementor-widget-wrap elementor-element-populated\">\n\t\t\t\t\t\t<div class=\"elementor-element elementor-element-45fb0f4 elementor-widget elementor-widget-heading\" data-id=\"45fb0f4\" data-element_type=\"widget\" data-e-type=\"widget\" data-widget_type=\"heading.default\">\n\t\t\t\t<div class=\"elementor-widget-container\">\n\t\t\t\t\t<h2 class=\"elementor-heading-title elementor-size-default\">Archives lettre d'information <\/h2>\t\t\t\t<\/div>\n\t\t\t\t<\/div>\n\t\t\t\t<div class=\"elementor-element elementor-element-df723e5 elementor-widget elementor-widget-text-editor\" data-id=\"df723e5\" data-element_type=\"widget\" data-e-type=\"widget\" data-widget_type=\"text-editor.default\">\n\t\t\t\t<div class=\"elementor-widget-container\">\n\t\t\t\t\t\t\t\t\t<p>(Les contenus sont dynamiques et non traduisibles)<\/p>\t\t\t\t\t\t\t\t<\/div>\n\t\t\t\t<\/div>\n\t\t\t\t<div class=\"elementor-element elementor-element-50a6cc2 elementor-widget elementor-widget-html\" data-id=\"50a6cc2\" data-element_type=\"widget\" data-e-type=\"widget\" data-widget_type=\"html.default\">\n\t\t\t\t<div class=\"elementor-widget-container\">\n\t\t\t\t\t<style type=\"text\/css\">\n<!--\n.display_archive {font-family: Raleway, arial,verdana; font-size: 0.9em;}\n.campaign {line-height: 125%; margin: 5px; padding:5px 0;border-bottom:1px solid;\n     display: -ms-grid;\n  display: grid;\n  -ms-grid-columns: max-content auto;\n  grid-template-columns: max-content auto;\n  gap: .2em .6em;\n}\n\/\/-->\n<\/style>\n<script language=\"javascript\" src=\"\/\/bauen-digital.us11.list-manage.com\/generate-js\/?u=bebf8f413cb64b239c8b16c08&fid=29125&show=10\" type=\"text\/javascript\"><\/script>\n\t\t\t\t<\/div>\n\t\t\t\t<\/div>\n\t\t\t\t\t<\/div>\n\t\t<\/div>\n\t\t\t\t\t<\/div>\n\t\t<\/section>\n\t\t\t\t<\/div>\n\t\t","protected":false},"excerpt":{"rendered":"<p>Abonnement \u00e0 la lettre d&#8217;information Veuillez vous inscrire ici pour recevoir la lettre d&#8217;information B\u00e2tir digital Suisse \/ buildingSMART Switzerland. Vous pourrez \u00e0 tout moment d\u00e9commander ou modifier vos donn\u00e9es. Les donn\u00e9es relatives aux personnes et \u00e0 l&#8217;entreprise seront trait\u00e9es de fa\u00e7on confidentielle et utilis\u00e9es exclusivement pour les besoins de&#8230;<\/p>\n","protected":false},"author":1,"featured_media":0,"parent":0,"menu_order":0,"comment_status":"closed","ping_status":"closed","template":"","meta":{"footnotes":"","_links_to":"","_links_to_target":""},"class_list":["post-6000","page","type-page","status-publish","hentry"],"yoast_head":"<!-- This site is optimized with the Yoast SEO plugin v27.4 - https:\/\/yoast.com\/product\/yoast-seo-wordpress\/ -->\n<title>Lettre d&#039;information - B\u00e2tir digital Suisse \/ buildingSMART Switzerland<\/title>\n<meta name=\"robots\" content=\"index, follow, max-snippet:-1, max-image-preview:large, max-video-preview:-1\" \/>\n<link rel=\"canonical\" href=\"https:\/\/bauen-digital.ch\/fr\/newsletter\/\" \/>\n<meta property=\"og:locale\" content=\"fr_FR\" \/>\n<meta property=\"og:type\" content=\"article\" \/>\n<meta property=\"og:title\" content=\"Lettre d&#039;information - B\u00e2tir digital Suisse \/ buildingSMART Switzerland\" \/>\n<meta property=\"og:description\" content=\"Abonnement \u00e0 la lettre d&#8217;information Veuillez vous inscrire ici pour recevoir la lettre d&#8217;information B\u00e2tir digital Suisse \/ buildingSMART Switzerland. Vous pourrez \u00e0 tout moment d\u00e9commander ou modifier vos donn\u00e9es. Les donn\u00e9es relatives aux personnes et \u00e0 l&#8217;entreprise seront trait\u00e9es de fa\u00e7on confidentielle et utilis\u00e9es exclusivement pour les besoins de...\" \/>\n<meta property=\"og:url\" content=\"https:\/\/bauen-digital.ch\/fr\/newsletter\/\" \/>\n<meta property=\"og:site_name\" content=\"B\u00e2tir digital Suisse \/ buildingSMART Switzerland\" \/>\n<meta property=\"article:modified_time\" content=\"2025-06-16T06:54:25+00:00\" \/>\n<meta name=\"twitter:card\" content=\"summary_large_image\" \/>\n<meta name=\"twitter:label1\" content=\"Dur\u00e9e de lecture estim\u00e9e\" \/>\n\t<meta name=\"twitter:data1\" content=\"1 minute\" \/>\n<script type=\"application\/ld+json\" class=\"yoast-schema-graph\">{\"@context\":\"https:\\\/\\\/schema.org\",\"@graph\":[{\"@type\":\"WebPage\",\"@id\":\"https:\\\/\\\/bauen-digital.ch\\\/fr\\\/newsletter\\\/\",\"url\":\"https:\\\/\\\/bauen-digital.ch\\\/fr\\\/newsletter\\\/\",\"name\":\"Lettre d'information - B\u00e2tir digital Suisse \\\/ buildingSMART Switzerland\",\"isPartOf\":{\"@id\":\"https:\\\/\\\/bauen-digital.ch\\\/fr\\\/#website\"},\"datePublished\":\"2023-09-04T06:38:46+00:00\",\"dateModified\":\"2025-06-16T06:54:25+00:00\",\"breadcrumb\":{\"@id\":\"https:\\\/\\\/bauen-digital.ch\\\/fr\\\/newsletter\\\/#breadcrumb\"},\"inLanguage\":\"fr-FR\",\"potentialAction\":[{\"@type\":\"ReadAction\",\"target\":[\"https:\\\/\\\/bauen-digital.ch\\\/fr\\\/newsletter\\\/\"]}]},{\"@type\":\"BreadcrumbList\",\"@id\":\"https:\\\/\\\/bauen-digital.ch\\\/fr\\\/newsletter\\\/#breadcrumb\",\"itemListElement\":[{\"@type\":\"ListItem\",\"position\":1,\"name\":\"Startseite\",\"item\":\"https:\\\/\\\/bauen-digital.ch\\\/fr\\\/\"},{\"@type\":\"ListItem\",\"position\":2,\"name\":\"Lettre d&#8217;information\"}]},{\"@type\":\"WebSite\",\"@id\":\"https:\\\/\\\/bauen-digital.ch\\\/fr\\\/#website\",\"url\":\"https:\\\/\\\/bauen-digital.ch\\\/fr\\\/\",\"name\":\"Bauen digital Schweiz \\\/ buildingSMART Switzerland\",\"description\":\"\",\"publisher\":{\"@id\":\"https:\\\/\\\/bauen-digital.ch\\\/fr\\\/#organization\"},\"potentialAction\":[{\"@type\":\"SearchAction\",\"target\":{\"@type\":\"EntryPoint\",\"urlTemplate\":\"https:\\\/\\\/bauen-digital.ch\\\/fr\\\/?s={search_term_string}\"},\"query-input\":{\"@type\":\"PropertyValueSpecification\",\"valueRequired\":true,\"valueName\":\"search_term_string\"}}],\"inLanguage\":\"fr-FR\"},{\"@type\":\"Organization\",\"@id\":\"https:\\\/\\\/bauen-digital.ch\\\/fr\\\/#organization\",\"name\":\"Bauen digital Schweiz \\\/ buildingSMART Switzerland\",\"url\":\"https:\\\/\\\/bauen-digital.ch\\\/fr\\\/\",\"logo\":{\"@type\":\"ImageObject\",\"inLanguage\":\"fr-FR\",\"@id\":\"https:\\\/\\\/bauen-digital.ch\\\/fr\\\/#\\\/schema\\\/logo\\\/image\\\/\",\"url\":\"https:\\\/\\\/bauen-digital.ch\\\/wp\\\/wp-content\\\/uploads\\\/Kombi_Logo_BdS_bSMART_jpg.jpg\",\"contentUrl\":\"https:\\\/\\\/bauen-digital.ch\\\/wp\\\/wp-content\\\/uploads\\\/Kombi_Logo_BdS_bSMART_jpg.jpg\",\"width\":3882,\"height\":778,\"caption\":\"Bauen digital Schweiz \\\/ buildingSMART Switzerland\"},\"image\":{\"@id\":\"https:\\\/\\\/bauen-digital.ch\\\/fr\\\/#\\\/schema\\\/logo\\\/image\\\/\"},\"sameAs\":[\"https:\\\/\\\/www.linkedin.com\\\/company\\\/18609279\\\/admin\\\/dashboard\\\/\"]}]}<\/script>\n<!-- \/ Yoast SEO plugin. -->","yoast_head_json":{"title":"Lettre d'information - B\u00e2tir digital Suisse \/ buildingSMART Switzerland","robots":{"index":"index","follow":"follow","max-snippet":"max-snippet:-1","max-image-preview":"max-image-preview:large","max-video-preview":"max-video-preview:-1"},"canonical":"https:\/\/bauen-digital.ch\/fr\/newsletter\/","og_locale":"fr_FR","og_type":"article","og_title":"Lettre d'information - B\u00e2tir digital Suisse \/ buildingSMART Switzerland","og_description":"Abonnement \u00e0 la lettre d&#8217;information Veuillez vous inscrire ici pour recevoir la lettre d&#8217;information B\u00e2tir digital Suisse \/ buildingSMART Switzerland. Vous pourrez \u00e0 tout moment d\u00e9commander ou modifier vos donn\u00e9es. Les donn\u00e9es relatives aux personnes et \u00e0 l&#8217;entreprise seront trait\u00e9es de fa\u00e7on confidentielle et utilis\u00e9es exclusivement pour les besoins de...","og_url":"https:\/\/bauen-digital.ch\/fr\/newsletter\/","og_site_name":"B\u00e2tir digital Suisse \/ buildingSMART Switzerland","article_modified_time":"2025-06-16T06:54:25+00:00","twitter_card":"summary_large_image","twitter_misc":{"Dur\u00e9e de lecture estim\u00e9e":"1 minute"},"schema":{"@context":"https:\/\/schema.org","@graph":[{"@type":"WebPage","@id":"https:\/\/bauen-digital.ch\/fr\/newsletter\/","url":"https:\/\/bauen-digital.ch\/fr\/newsletter\/","name":"Lettre d'information - B\u00e2tir digital Suisse \/ buildingSMART Switzerland","isPartOf":{"@id":"https:\/\/bauen-digital.ch\/fr\/#website"},"datePublished":"2023-09-04T06:38:46+00:00","dateModified":"2025-06-16T06:54:25+00:00","breadcrumb":{"@id":"https:\/\/bauen-digital.ch\/fr\/newsletter\/#breadcrumb"},"inLanguage":"fr-FR","potentialAction":[{"@type":"ReadAction","target":["https:\/\/bauen-digital.ch\/fr\/newsletter\/"]}]},{"@type":"BreadcrumbList","@id":"https:\/\/bauen-digital.ch\/fr\/newsletter\/#breadcrumb","itemListElement":[{"@type":"ListItem","position":1,"name":"Startseite","item":"https:\/\/bauen-digital.ch\/fr\/"},{"@type":"ListItem","position":2,"name":"Lettre d&#8217;information"}]},{"@type":"WebSite","@id":"https:\/\/bauen-digital.ch\/fr\/#website","url":"https:\/\/bauen-digital.ch\/fr\/","name":"Bauen digital Schweiz \/ buildingSMART Switzerland","description":"","publisher":{"@id":"https:\/\/bauen-digital.ch\/fr\/#organization"},"potentialAction":[{"@type":"SearchAction","target":{"@type":"EntryPoint","urlTemplate":"https:\/\/bauen-digital.ch\/fr\/?s={search_term_string}"},"query-input":{"@type":"PropertyValueSpecification","valueRequired":true,"valueName":"search_term_string"}}],"inLanguage":"fr-FR"},{"@type":"Organization","@id":"https:\/\/bauen-digital.ch\/fr\/#organization","name":"Bauen digital Schweiz \/ buildingSMART Switzerland","url":"https:\/\/bauen-digital.ch\/fr\/","logo":{"@type":"ImageObject","inLanguage":"fr-FR","@id":"https:\/\/bauen-digital.ch\/fr\/#\/schema\/logo\/image\/","url":"https:\/\/bauen-digital.ch\/wp\/wp-content\/uploads\/Kombi_Logo_BdS_bSMART_jpg.jpg","contentUrl":"https:\/\/bauen-digital.ch\/wp\/wp-content\/uploads\/Kombi_Logo_BdS_bSMART_jpg.jpg","width":3882,"height":778,"caption":"Bauen digital Schweiz \/ buildingSMART Switzerland"},"image":{"@id":"https:\/\/bauen-digital.ch\/fr\/#\/schema\/logo\/image\/"},"sameAs":["https:\/\/www.linkedin.com\/company\/18609279\/admin\/dashboard\/"]}]}},"_links":{"self":[{"href":"https:\/\/bauen-digital.ch\/fr\/wp-json\/wp\/v2\/pages\/6000","targetHints":{"allow":["GET"]}}],"collection":[{"href":"https:\/\/bauen-digital.ch\/fr\/wp-json\/wp\/v2\/pages"}],"about":[{"href":"https:\/\/bauen-digital.ch\/fr\/wp-json\/wp\/v2\/types\/page"}],"author":[{"embeddable":true,"href":"https:\/\/bauen-digital.ch\/fr\/wp-json\/wp\/v2\/users\/1"}],"replies":[{"embeddable":true,"href":"https:\/\/bauen-digital.ch\/fr\/wp-json\/wp\/v2\/comments?post=6000"}],"version-history":[{"count":16,"href":"https:\/\/bauen-digital.ch\/fr\/wp-json\/wp\/v2\/pages\/6000\/revisions"}],"predecessor-version":[{"id":12563,"href":"https:\/\/bauen-digital.ch\/fr\/wp-json\/wp\/v2\/pages\/6000\/revisions\/12563"}],"wp:attachment":[{"href":"https:\/\/bauen-digital.ch\/fr\/wp-json\/wp\/v2\/media?parent=6000"}],"curies":[{"name":"wp","href":"https:\/\/api.w.org\/{rel}","templated":true}]}}